{"id":1064,"date":"2025-09-09T06:01:06","date_gmt":"2025-09-09T04:01:06","guid":{"rendered":"https:\/\/loomiatech.com\/?page_id=1064"},"modified":"2026-02-14T00:04:56","modified_gmt":"2026-02-13T23:04:56","slug":"terminos-y-condiciones","status":"publish","type":"page","link":"https:\/\/loomiatech.com\/en\/terminos-y-condiciones\/","title":{"rendered":"Terms and conditions"},"content":{"rendered":"<div data-elementor-type=\"wp-page\" data-elementor-id=\"1064\" class=\"elementor elementor-1064\">\n\t\t\t\t<div class=\"elementor-element elementor-element-4bc57a32 e-flex e-con-boxed e-con e-parent\" data-id=\"4bc57a32\" data-element_type=\"container\">\n\t\t\t\t\t<div class=\"e-con-inner\">\n\t\t\t\t<div class=\"elementor-element elementor-element-54725680 elementor-widget elementor-widget-text-editor\" data-id=\"54725680\" data-element_type=\"widget\" data-settings=\"{&quot;wdt_animation_effect&quot;:&quot;none&quot;}\" data-no-translation=\"\" data-widget_type=\"text-editor.default\">\n\t\t\t\t\t<style>.elementor-element-54725680{display:none !important}<\/style>\t\t\t\t<\/div>\n\t\t\t\t<div class=\"elementor-element elementor-element-e2ad022 elementor-widget elementor-widget-text-editor\" data-id=\"e2ad022\" data-element_type=\"widget\" data-settings=\"{&quot;wdt_animation_effect&quot;:&quot;none&quot;}\" data-no-translation=\"\" data-widget_type=\"text-editor.default\">\n\t\t\t\t\t\t\t\t\t\n<h5><strong>WOTNOT INNOVACIONES, S.A. DE C.V.<\/strong><br \/><strong>Terms and Conditions<\/strong><\/h5>\n<h6><strong>I. Acceptance of Terms<\/strong><\/h6>\n<p>Access to and use of this site implies acceptance of these terms. If you do not agree, you must refrain from using the platform.<\/p>\n<h6><strong>II. Purchase Conditions<\/strong><\/h6>\n<ul>\n<li><strong>Product availability:<\/strong> Subject to inventory and order confirmation.<\/li>\n<li><strong>Prices:<\/strong> Expressed in Mexican pesos and include VAT unless otherwise indicated.<\/li>\n<li><strong>Payment methods:<\/strong> Bank cards from issuers accepted by the authorized payment gateway.<\/li>\n<li><strong>Return policy:<\/strong> In accordance with our Return Policy published on the website.<\/li>\n<\/ul>\n<p>Prices may change without prior notice until the order is confirmed.<\/p>\n<h6><strong>III. Use of the Platform<\/strong><\/h6>\n<p>The user agrees to:<\/p>\n<ul>\n<li>Use the site solely for lawful purposes.<\/li>\n<li>Not impersonate identities or alter transactions.<\/li>\n<li>Maintain the confidentiality of their account.<\/li>\n<\/ul>\n<h6><strong>IV. Licenses and Intellectual Property<\/strong><\/h6>\n<p>All content on loomiatech.com (software, designs, images, code, trademarks) is the property of LoomiaTech and may not be reproduced without prior authorization.<\/p>\n<h6><strong>V. Limitation of Liability<\/strong><\/h6>\n<p>LoomiaTech does not guarantee uninterrupted availability of the site and is not responsible for technical failures beyond its control. This is without limitation to the inalienable consumer rights established under the Federal Consumer Protection Law, nor does it exempt liability for willful misconduct or gross negligence.<\/p>\n<h6><strong>VI. Dispute Resolution<\/strong><\/h6>\n<p>Any dispute shall be resolved under the laws of the United Mexican States. The parties may submit to the jurisdiction of the courts of Mexico City or, by mutual agreement, opt for arbitration administered by the Mexican Chamber of Commerce.<\/p>\n<h6><strong>VII. Modifications<\/strong><\/h6>\n<p>LoomiaTech reserves the right to modify these Terms and Conditions at any time. Modifications will be published on the website and will take immediate effect for new transactions. Contracts already executed will be governed by the terms in force at the time of their execution.<\/p>\n<h6><strong>VIII. Contact<\/strong><\/h6>\n<p>For specific inquiries regarding this Privacy Policy or the exercise of your rights: <strong>cotizacion@loomiatech.com<\/strong>.<\/p>\n\t\t\t\t\t\t\t\t<\/div>\n\t\t\t\t\t<\/div>\n\t\t\t\t<\/div>\n\t\t\t\t<\/div>","protected":false},"excerpt":{"rendered":"<p>WOTNOT INNOVACIONES, S.A. DE C.V.Terms and Conditions I. Aceptaci\u00f3n de los t\u00e9rminos El acceso y uso de este sitio implica la aceptaci\u00f3n de los presentes t\u00e9rminos. En caso de no estar de acuerdo, deber\u00e1 abstenerse de utilizar la plataforma. \u00a0 II. Condiciones de compra Disponibilidad de productos: sujeta a inventario y confirmaci\u00f3n del pedido. Precios: [&hellip;]<\/p>","protected":false},"author":1,"featured_media":0,"parent":0,"menu_order":0,"comment_status":"closed","ping_status":"closed","template":"","meta":{"footnotes":""},"class_list":["post-1064","page","type-page","status-publish","hentry"],"_links":{"self":[{"href":"https:\/\/loomiatech.com\/en\/wp-json\/wp\/v2\/pages\/1064","targetHints":{"allow":["GET"]}}],"collection":[{"href":"https:\/\/loomiatech.com\/en\/wp-json\/wp\/v2\/pages"}],"about":[{"href":"https:\/\/loomiatech.com\/en\/wp-json\/wp\/v2\/types\/page"}],"author":[{"embeddable":true,"href":"https:\/\/loomiatech.com\/en\/wp-json\/wp\/v2\/users\/1"}],"replies":[{"embeddable":true,"href":"https:\/\/loomiatech.com\/en\/wp-json\/wp\/v2\/comments?post=1064"}],"version-history":[{"count":13,"href":"https:\/\/loomiatech.com\/en\/wp-json\/wp\/v2\/pages\/1064\/revisions"}],"predecessor-version":[{"id":1728,"href":"https:\/\/loomiatech.com\/en\/wp-json\/wp\/v2\/pages\/1064\/revisions\/1728"}],"wp:attachment":[{"href":"https:\/\/loomiatech.com\/en\/wp-json\/wp\/v2\/media?parent=1064"}],"curies":[{"name":"wp","href":"https:\/\/api.w.org\/{rel}","templated":true}]}}